{"id":49,"date":"2020-08-18T22:00:18","date_gmt":"2020-08-18T20:00:18","guid":{"rendered":"http:\/\/epivrac.fr\/?page_id=49"},"modified":"2020-12-14T11:53:03","modified_gmt":"2020-12-14T10:53:03","slug":"page","status":"publish","type":"page","link":"https:\/\/epivrac.fr\/","title":{"rendered":"\u00c9pi&#8217;Vrac"},"content":{"rendered":"\n<div class=\"wp-block-group\"><div class=\"wp-block-group__inner-container\">\n<p>Votre nouvelle \u00c9picerie vrac et locale au Sud de Rennes o\u00f9 vous pourrez vous restaurer le midi.<\/p>\n\n\n\n<p>Vous y trouverez du vrac sal\u00e9 et sucr\u00e9, de quoi confectionner vos cosm\u00e9tiques et produits d&#8217;entretien et des accessoires z\u00e9ro-d\u00e9chet.<\/p>\n\n\n\n<p>Aussi, vous pourrez apprendre, lors d&#8217;ateliers, \u00e0 confectionner vos propres cosm\u00e9tiques et produits d&#8217;entretiens. Vous pourrez \u00e9galement apprendre \u00e0 r\u00e9aliser de succulentes recettes de cuisine. <\/p>\n<\/div><\/div>\n","protected":false},"excerpt":{"rendered":"","protected":false},"author":1,"featured_media":0,"parent":0,"menu_order":0,"comment_status":"closed","ping_status":"closed","template":"","meta":[],"_links":{"self":[{"href":"https:\/\/epivrac.fr\/index.php?rest_route=\/wp\/v2\/pages\/49"}],"collection":[{"href":"https:\/\/epivrac.fr\/index.php?rest_route=\/wp\/v2\/pages"}],"about":[{"href":"https:\/\/epivrac.fr\/index.php?rest_route=\/wp\/v2\/types\/page"}],"author":[{"embeddable":true,"href":"https:\/\/epivrac.fr\/index.php?rest_route=\/wp\/v2\/users\/1"}],"replies":[{"embeddable":true,"href":"https:\/\/epivrac.fr\/index.php?rest_route=%2Fwp%2Fv2%2Fcomments&post=49"}],"version-history":[{"count":5,"href":"https:\/\/epivrac.fr\/index.php?rest_route=\/wp\/v2\/pages\/49\/revisions"}],"predecessor-version":[{"id":292,"href":"https:\/\/epivrac.fr\/index.php?rest_route=\/wp\/v2\/pages\/49\/revisions\/292"}],"wp:attachment":[{"href":"https:\/\/epivrac.fr\/index.php?rest_route=%2Fwp%2Fv2%2Fmedia&parent=49"}],"curies":[{"name":"wp","href":"https:\/\/api.w.org\/{rel}","templated":true}]}}