{"id":29,"date":"2020-08-18T19:58:28","date_gmt":"2020-08-18T17:58:28","guid":{"rendered":"http:\/\/epivrac.fr\/?page_id=29"},"modified":"2020-09-17T17:08:19","modified_gmt":"2020-09-17T15:08:19","slug":"qui-sommes-nous","status":"publish","type":"page","link":"https:\/\/epivrac.fr\/?page_id=29","title":{"rendered":"Qui sommes-nous ?"},"content":{"rendered":"\n<p>Bonjour \u00e0 toutes et \u00e0 tous,<\/p>\n\n\n\n<p>Apr\u00e8s des mois de questionnements, d&#8217;intenses moments de doutes et d&#8217;immenses instants de joie, mon r\u00eave me semblant \u00e0 l&#8217;\u00e9poque inatteignable se concr\u00e9tise jour apr\u00e8s jour.<\/p>\n\n\n\n<p class=\"has-text-align-left\">D&#8217;o\u00f9 me vient cette id\u00e9e farfelue ?<br>En rangeant les emplettes que je venais de faire afin de remplir mes placards, j&#8217;ai constat\u00e9 avec stupeur que la poubelle, qui \u00e9tait alors vide, \u00e9tait pleine d&#8217;emballages. Ce fut un r\u00e9el d\u00e9clic. Il m&#8217;a paru \u00e9vident que ce mode de consommation ne pouvait plus perdurer. J&#8217;ai alors d\u00e9cid\u00e9 de changer mes habitudes progressivement : privil\u00e9gier les circuits courts, acheter en vrac, coudre mes lingettes d\u00e9maquillantes, faire mes propres produits d&#8217;entretien, \u2026<\/p>\n\n\n\n<p>Et un beau jour, au d\u00e9tour d&#8217;une conversation familiale, je confie en avoir assez de devoir courir d&#8217;un magasin \u00e0 un autre durant mon seul jour de repos de la semaine pour trouver les mati\u00e8res premi\u00e8res pour mes produits d&#8217;entretien ou pour faire mes courses alimentaires.<br>Alors, nous nous prenons \u00e0 r\u00eaver d&#8217;une boutique o\u00f9 nous pourrions trouver tout ce dont nous avons besoin. L\u00e0, je me suis demand\u00e9 pourquoi je ne cr\u00e9erai pas ce fameux lieu. Petit \u00e0 petit, cette id\u00e9e a germ\u00e9 en moi. Au fur et \u00e0 mesure du temps, je me suis surprise \u00e0 me projeter dans cette nouvelle vie.<\/p>\n\n\n\n<p>Apr\u00e8s une profonde r\u00e9flexion, je d\u00e9cide de sauter le pas et de cr\u00e9er ce lieu de partage o\u00f9 chacun pourrait trouver ce qu&#8217;il recherche, dans la quantit\u00e9 qu&#8217;il le souhaite.<\/p>\n\n\n\n<p>Mon id\u00e9e est devenue votre magasin.<\/p>\n\n\n\n<p>Celui-ci se trouvera au Sud de Rennes. Pour savoir o\u00f9 il se situera, suivez-moi sur Facebook et ouvrez l&#8217;\u0153il pr\u00e8s de chez vous !<\/p>\n\n\n\n<p>Votre d\u00e9vou\u00e9e et premi\u00e8re Epivrac&#8217;euse, Marie.<\/p>\n","protected":false},"excerpt":{"rendered":"<p>Bonjour \u00e0 toutes et \u00e0 tous, Apr\u00e8s des mois de questionnements, d&#8217;intenses moments de doutes et d&#8217;immenses instants de joie, mon r\u00eave me semblant \u00e0 l&#8217;\u00e9poque inatteignable se concr\u00e9tise jour apr\u00e8s jour. D&#8217;o\u00f9 me vient cette id\u00e9e farfelue ?En rangeant les emplettes que je venais de faire afin de remplir mes placards, j&#8217;ai constat\u00e9 avec &hellip; <\/p>\n<p class=\"link-more\"><a href=\"https:\/\/epivrac.fr\/?page_id=29\" class=\"more-link\">Continue reading<span class=\"screen-reader-text\"> &#8220;Qui sommes-nous ?&#8221;<\/span><\/a><\/p>\n","protected":false},"author":1,"featured_media":0,"parent":0,"menu_order":0,"comment_status":"closed","ping_status":"closed","template":"","meta":[],"_links":{"self":[{"href":"https:\/\/epivrac.fr\/index.php?rest_route=\/wp\/v2\/pages\/29"}],"collection":[{"href":"https:\/\/epivrac.fr\/index.php?rest_route=\/wp\/v2\/pages"}],"about":[{"href":"https:\/\/epivrac.fr\/index.php?rest_route=\/wp\/v2\/types\/page"}],"author":[{"embeddable":true,"href":"https:\/\/epivrac.fr\/index.php?rest_route=\/wp\/v2\/users\/1"}],"replies":[{"embeddable":true,"href":"https:\/\/epivrac.fr\/index.php?rest_route=%2Fwp%2Fv2%2Fcomments&post=29"}],"version-history":[{"count":4,"href":"https:\/\/epivrac.fr\/index.php?rest_route=\/wp\/v2\/pages\/29\/revisions"}],"predecessor-version":[{"id":106,"href":"https:\/\/epivrac.fr\/index.php?rest_route=\/wp\/v2\/pages\/29\/revisions\/106"}],"wp:attachment":[{"href":"https:\/\/epivrac.fr\/index.php?rest_route=%2Fwp%2Fv2%2Fmedia&parent=29"}],"curies":[{"name":"wp","href":"https:\/\/api.w.org\/{rel}","templated":true}]}}