{"id":157,"date":"2020-11-08T16:06:46","date_gmt":"2020-11-08T15:06:46","guid":{"rendered":"http:\/\/epivrac.fr\/?page_id=157"},"modified":"2020-11-09T16:35:57","modified_gmt":"2020-11-09T15:35:57","slug":"biscuits-confiseries-et-chocolat","status":"publish","type":"page","link":"https:\/\/epivrac.fr\/?page_id=157","title":{"rendered":"Confiseries et chocolat"},"content":{"rendered":"\n<h2><span style=\"color:#9abe61\" class=\"has-inline-color\">Confiseries<\/span><\/h2>\n\n\n\n<ul><li>Bananes bonbons<\/li><li>Chouchou<\/li><li>Bouteilles de coca<\/li><li>Crocodiles<\/li><li>Dragibus<\/li><li>Fraises tagada<\/li><li>Nounours en guimauve<\/li><li>Pralines rouges<\/li><li>Serpentin en r\u00e9glisse<\/li><li>Amandes enrob\u00e9es aux trois chocolats<\/li><li>Arachides enrob\u00e9es aux trois chocolats<\/li><li>Noisettes enrob\u00e9es aux trois chocolats<\/li><\/ul>\n\n\n\n<h2><span style=\"color:#9abe61\" class=\"has-inline-color\">Chocolat<\/span><\/h2>\n\n\n\n<ul><li>Cacao en poudre brut<\/li><li>Cacao en poudre sucr\u00e9<\/li><li>Chocolat blanc &#8211; Tablettes<\/li><li>Chocolat blanc &#8211; Palets<\/li><li>Chocolat au lait &#8211; Tablettes<\/li><li>Chocolat au lait &#8211; Palets<\/li><li>Chocolat noir &#8211; Tablettes<\/li><li>Chocolat noir &#8211; Palets<\/li><\/ul>\n","protected":false},"excerpt":{"rendered":"<p>Confiseries Bananes bonbons Chouchou Bouteilles de coca Crocodiles Dragibus Fraises tagada Nounours en guimauve Pralines rouges Serpentin en r\u00e9glisse Amandes enrob\u00e9es aux trois chocolats Arachides enrob\u00e9es aux trois chocolats Noisettes enrob\u00e9es aux trois chocolats Chocolat Cacao en poudre brut Cacao en poudre sucr\u00e9 Chocolat blanc &#8211; Tablettes Chocolat blanc &#8211; Palets Chocolat au lait &#8211; &hellip; <\/p>\n<p class=\"link-more\"><a href=\"https:\/\/epivrac.fr\/?page_id=157\" class=\"more-link\">Continue reading<span class=\"screen-reader-text\"> &#8220;Confiseries et chocolat&#8221;<\/span><\/a><\/p>\n","protected":false},"author":1,"featured_media":0,"parent":0,"menu_order":0,"comment_status":"closed","ping_status":"closed","template":"","meta":[],"_links":{"self":[{"href":"https:\/\/epivrac.fr\/index.php?rest_route=\/wp\/v2\/pages\/157"}],"collection":[{"href":"https:\/\/epivrac.fr\/index.php?rest_route=\/wp\/v2\/pages"}],"about":[{"href":"https:\/\/epivrac.fr\/index.php?rest_route=\/wp\/v2\/types\/page"}],"author":[{"embeddable":true,"href":"https:\/\/epivrac.fr\/index.php?rest_route=\/wp\/v2\/users\/1"}],"replies":[{"embeddable":true,"href":"https:\/\/epivrac.fr\/index.php?rest_route=%2Fwp%2Fv2%2Fcomments&post=157"}],"version-history":[{"count":3,"href":"https:\/\/epivrac.fr\/index.php?rest_route=\/wp\/v2\/pages\/157\/revisions"}],"predecessor-version":[{"id":224,"href":"https:\/\/epivrac.fr\/index.php?rest_route=\/wp\/v2\/pages\/157\/revisions\/224"}],"wp:attachment":[{"href":"https:\/\/epivrac.fr\/index.php?rest_route=%2Fwp%2Fv2%2Fmedia&parent=157"}],"curies":[{"name":"wp","href":"https:\/\/api.w.org\/{rel}","templated":true}]}}